{"id":3352,"date":"2021-07-07T18:22:27","date_gmt":"2021-07-07T18:22:27","guid":{"rendered":"https:\/\/claravisao.com.br\/new\/?page_id=3352"},"modified":"2022-01-11T20:24:18","modified_gmt":"2022-01-11T20:24:18","slug":"laboratorio","status":"publish","type":"page","link":"https:\/\/claravisao.com.br\/new\/index.php\/laboratorio\/","title":{"rendered":"Laborat\u00f3rio"},"content":{"rendered":"<p>[vc_row][vc_column width=&#8221;1\/2&#8243;][vc_custom_heading text=&#8221;Conhe\u00e7a nosso laborat\u00f3rio&#8221;][vc_column_text]Percebendo as novas exig\u00eancias dos consumidores, no ano de 2008 a empresa investiu em um laborat\u00f3rio de alta precis\u00e3o e tecnologia, tornando-se a \u00fanica \u00f3tica com laborat\u00f3rio pr\u00f3prio, e o melhor, sediado aqui em Campo Largo.<\/p>\n<p>Atendendo clientes em todos os segmentos do mercado \u00f3ptico, desde consumidores finais oferecendo consultoria, avalia\u00e7\u00e3o, orienta\u00e7\u00e3o e acompanhamento nas reconsultas at\u00e9 o mercado empresarial, oferece solu\u00e7\u00f5es especializadas em servi\u00e7os, vendas de lentes e \u00f3culos de seguran\u00e7a.<\/p>\n<p>O laborat\u00f3rio presta servi\u00e7os de surfa\u00e7agem de lentes e montagem de \u00f3culos para a pr\u00f3pria empresa, cooperando assim com a rapidez no atendimento a clientes, facilita o treinamento t\u00e9cnico dos funcion\u00e1rios, podendo deste modo fabricar as lentes e entregar um \u00f3culos em at\u00e9 duas horas.<\/p>\n<p>Para garantir a qualidade dos produtos que comercializa, busca fortes parcerias com empresas de renome internacional no segmento de lentes tais como:<\/p>\n<p>&#8211; Grupo <strong>Hoya<\/strong>, empresa Japonesa fabricante das linhas <strong>Hoyalux<\/strong>, <strong>Ultrax<\/strong>, entre outras;<\/p>\n<p>&#8211; Grupo <strong>Essilor<\/strong>, fabricante das lentes <strong>Varilux<\/strong> e <strong>Crizal<\/strong>;<\/p>\n<p>&#8211; Grupo <strong>Segment<\/strong>;<\/p>\n<p>&#8211; Grupo <strong>Macprado<\/strong> entre outros.[\/vc_column_text][\/vc_column][vc_column width=&#8221;1\/2&#8243;][vc_single_image image=&#8221;3363&#8243;][\/vc_column][\/vc_row][vc_row][vc_column][vc_custom_heading text=&#8221;Conhe\u00e7a o processo de funcionamento do laborat\u00f3rio&#8221; font_container=&#8221;tag:h2|font_size:30|text_align:left&#8221;][\/vc_column][\/vc_row][vc_row][vc_column width=&#8221;1\/4&#8243;][vc_single_image image=&#8221;3367&#8243;][\/vc_column][vc_column width=&#8221;3\/4&#8243;][vc_custom_heading text=&#8221;Passo 1 &#8211; Prepara\u00e7\u00e3o&#8221; font_container=&#8221;tag:h2|font_size:20|text_align:left&#8221;][vc_column_text]Primeiramente s\u00e3o lan\u00e7ados no sistema os dados da sua receita oft\u00e1lmica, arma\u00e7\u00e3o e lentes.<\/p>\n<p>Os c\u00e1lculos s\u00e3o efetuados com o que h\u00e1 de melhor em tecnologia de software para laborat\u00f3rios \u00f3pticos, assegurando a precis\u00e3o na confec\u00e7\u00e3o das lentes.[\/vc_column_text][\/vc_column][\/vc_row][vc_row][vc_column width=&#8221;1\/4&#8243;][vc_single_image image=&#8221;3368&#8243;][\/vc_column][vc_column width=&#8221;3\/4&#8243;][vc_custom_heading text=&#8221;Passo 2 &#8211; Fitagem&#8221; font_container=&#8221;tag:h2|font_size:20|text_align:left&#8221;][vc_column_text]Processo no qual a parte da lente que n\u00e3o ser\u00e1 usinada \u00e9 protegida com uma fita adesiva.[\/vc_column_text][\/vc_column][\/vc_row][vc_row][vc_column width=&#8221;1\/4&#8243;][vc_single_image image=&#8221;3369&#8243;][\/vc_column][vc_column width=&#8221;3\/4&#8243;][vc_custom_heading text=&#8221;Passo 3 &#8211; Blocagem&#8221; font_container=&#8221;tag:h2|font_size:20|text_align:left&#8221;][vc_column_text]Seleciona-se a chapa para blocagem da lente.[\/vc_column_text][\/vc_column][\/vc_row][vc_row][vc_column width=&#8221;1\/4&#8243;][vc_single_image image=&#8221;3370&#8243;][\/vc_column][vc_column width=&#8221;3\/4&#8243;][vc_custom_heading text=&#8221;Passo 4 &#8211; Sele\u00e7\u00e3o de molde&#8221; font_container=&#8221;tag:h2|font_size:20|text_align:left&#8221;][vc_column_text]<\/p>\n<div id=\"u12074-4\" class=\"Estilo-de-par-grafo--texto-subtitulo clearfix grpelem\" data-muse-uid=\"U12074\" data-muse-type=\"txt_frame\" data-ibe-flags=\"txtStyleSrc\">\n<p>Faz-se a sele\u00e7\u00e3o do molde de acordo com os c\u00e1lculos efetuados pelo software do laborat\u00f3rio.<\/p>\n<\/div>\n<p>[\/vc_column_text][\/vc_column][\/vc_row][vc_row][vc_column width=&#8221;1\/4&#8243;][vc_single_image image=&#8221;3371&#8243;][\/vc_column][vc_column width=&#8221;3\/4&#8243;][vc_custom_heading text=&#8221;Passo 5 &#8211; Prepara\u00e7\u00e3o do molde&#8221; font_container=&#8221;tag:h2|font_size:20|text_align:left&#8221;][vc_column_text]Colagem das lixas para desbaste.[\/vc_column_text][\/vc_column][\/vc_row][vc_row][vc_column width=&#8221;1\/4&#8243;][vc_single_image image=&#8221;3372&#8243;][\/vc_column][vc_column width=&#8221;3\/4&#8243;][vc_custom_heading text=&#8221;Passo 6 &#8211; Gera\u00e7\u00e3o de curva&#8221; font_container=&#8221;tag:h2|font_size:20|text_align:left&#8221;][vc_column_text]O gerador de curvas cortar\u00e1 a lente conforme a curva calculada pelo software.[\/vc_column_text][\/vc_column][\/vc_row][vc_row][vc_column width=&#8221;1\/4&#8243;][vc_single_image image=&#8221;3373&#8243;][\/vc_column][vc_column width=&#8221;3\/4&#8243;][vc_custom_heading text=&#8221;Passo 7 &#8211; Primeira lixa&#8221; font_container=&#8221;tag:h2|font_size:20|text_align:left&#8221;][vc_column_text]\u00c9 passada uma lixa de grana mais grossa para a elimina\u00e7\u00e3o dos riscos deixados pelo gerador de curvas.[\/vc_column_text][\/vc_column][\/vc_row][vc_row][vc_column width=&#8221;1\/4&#8243;][vc_single_image image=&#8221;3374&#8243;][\/vc_column][vc_column width=&#8221;3\/4&#8243;][vc_custom_heading text=&#8221;Passo 8 &#8211; Segunda lixa&#8221; font_container=&#8221;tag:h2|font_size:20|text_align:left&#8221;][vc_column_text]A segunda lixa, com grana mais fina, prepara a lente para o polimento.[\/vc_column_text][\/vc_column][\/vc_row][vc_row][vc_column width=&#8221;1\/4&#8243;][vc_single_image image=&#8221;3375&#8243;][\/vc_column][vc_column width=&#8221;3\/4&#8243;][vc_custom_heading text=&#8221;Passo 9 &#8211; Polimento&#8221; font_container=&#8221;tag:h2|font_size:20|text_align:left&#8221;][vc_column_text]\u00c9 feito o polimento para retirada de todos os riscos e obten\u00e7\u00e3o de uma perfeita transpar\u00eancia das lentes.[\/vc_column_text][\/vc_column][\/vc_row][vc_row][vc_column width=&#8221;1\/4&#8243;][vc_single_image image=&#8221;3376&#8243;][\/vc_column][vc_column width=&#8221;3\/4&#8243;][vc_custom_heading text=&#8221;Passo 10 &#8211; Confer\u00eancia&#8221; font_container=&#8221;tag:h2|font_size:20|text_align:left&#8221;][vc_column_text]Confer\u00eancia da surfa\u00e7agem.[\/vc_column_text][\/vc_column][\/vc_row][vc_row][vc_column width=&#8221;1\/4&#8243;][vc_single_image image=&#8221;3377&#8243;][\/vc_column][vc_column width=&#8221;3\/4&#8243;][vc_custom_heading text=&#8221;Passo 11 &#8211; Prepara\u00e7\u00e3o para montagem&#8221; font_container=&#8221;tag:h2|font_size:20|text_align:left&#8221;][vc_column_text]A arma\u00e7\u00e3o \u00e9 ajustada e as lentes de demonstra\u00e7\u00e3o s\u00e3o retiradas.[\/vc_column_text][\/vc_column][\/vc_row][vc_row][vc_column width=&#8221;1\/4&#8243;][vc_single_image image=&#8221;3378&#8243;][\/vc_column][vc_column width=&#8221;3\/4&#8243;][vc_custom_heading text=&#8221;Passo 12 &#8211; C\u00f3pia do modelo&#8221; font_container=&#8221;tag:h2|font_size:20|text_align:left&#8221;][vc_column_text]\u00c9 copiado o modelo da lente para corte das novas no formato da arma\u00e7\u00e3o.[\/vc_column_text][\/vc_column][\/vc_row][vc_row][vc_column width=&#8221;1\/4&#8243;][vc_single_image image=&#8221;3379&#8243;][\/vc_column][vc_column width=&#8221;3\/4&#8243;][vc_custom_heading text=&#8221;Passo 13 &#8211; Centraliza\u00e7\u00e3o de lentes&#8221; font_container=&#8221;tag:h2|font_size:20|text_align:left&#8221;][vc_column_text]As lentes s\u00e3o centralizadas conforme as medidas do cliente.[\/vc_column_text][\/vc_column][\/vc_row][vc_row][vc_column width=&#8221;1\/4&#8243;][vc_single_image image=&#8221;3380&#8243;][\/vc_column][vc_column width=&#8221;3\/4&#8243;][vc_custom_heading text=&#8221;Passo 14 &#8211; Blocagem para corte&#8221; font_container=&#8221;tag:h2|font_size:20|text_align:left&#8221;][vc_column_text]As lentes s\u00e3o coladas em ventosa para o corte.[\/vc_column_text][\/vc_column][\/vc_row][vc_row][vc_column width=&#8221;1\/4&#8243;][vc_single_image image=&#8221;3381&#8243;][\/vc_column][vc_column width=&#8221;3\/4&#8243;][vc_custom_heading text=&#8221;Passo 15 &#8211; Prepara\u00e7\u00e3o de corte&#8221; font_container=&#8221;tag:h2|font_size:20|text_align:left&#8221;][vc_column_text]A m\u00e1quina \u00e9 programada para executar o corte.[\/vc_column_text][\/vc_column][\/vc_row][vc_row][vc_column width=&#8221;1\/4&#8243;][vc_single_image image=&#8221;3382&#8243;][\/vc_column][vc_column width=&#8221;3\/4&#8243;][vc_custom_heading text=&#8221;Passo 16 &#8211; Corte de lente&#8221; font_container=&#8221;tag:h2|font_size:20|text_align:left&#8221;][vc_column_text]A lente \u00e9 cortada no formato da arma\u00e7\u00e3o.[\/vc_column_text][\/vc_column][\/vc_row][vc_row][vc_column width=&#8221;1\/4&#8243;][vc_single_image image=&#8221;3383&#8243;][\/vc_column][vc_column width=&#8221;3\/4&#8243;][vc_custom_heading text=&#8221;Passo 17 &#8211; Leitura do di\u00e2metro&#8221; font_container=&#8221;tag:h2|font_size:20|text_align:left&#8221;][vc_column_text]A m\u00e1quina confere a lente para verificar se a mesma se encontra com o formato e di\u00e2metro corretos.[\/vc_column_text][\/vc_column][\/vc_row][vc_row][vc_column width=&#8221;1\/4&#8243;][vc_single_image image=&#8221;3384&#8243;][\/vc_column][vc_column width=&#8221;3\/4&#8243;][vc_custom_heading text=&#8221;Passo 18 &#8211; Acabamento&#8221; font_container=&#8221;tag:h2|font_size:20|text_align:left&#8221;][vc_column_text]\u00c9 feito acabamento na lente para um melhor encaixe na arma\u00e7\u00e3o.[\/vc_column_text][\/vc_column][\/vc_row][vc_row][vc_column width=&#8221;1\/4&#8243;][vc_single_image image=&#8221;3385&#8243;][\/vc_column][vc_column width=&#8221;3\/4&#8243;][vc_custom_heading text=&#8221;Passo 19 &#8211; Confer\u00eancia final&#8221; font_container=&#8221;tag:h2|font_size:20|text_align:left&#8221;][vc_column_text]O \u00f3culos \u00e9 conferido para verificar se o grau e todas as medidas est\u00e3o corretas.[\/vc_column_text][\/vc_column][\/vc_row]<\/p>\n","protected":false},"excerpt":{"rendered":"<p>[vc_row][vc_column width=&#8221;1\/2&#8243;][vc_custom_heading text=&#8221;Conhe\u00e7a nosso laborat\u00f3rio&#8221;][vc_column_text]Percebendo as novas exig\u00eancias dos consumidores, no ano de 2008 a empresa investiu em um laborat\u00f3rio de alta precis\u00e3o e tecnologia, tornando-se a \u00fanica \u00f3tica com laborat\u00f3rio pr\u00f3prio, e o melhor, sediado aqui em Campo Largo. [&hellip;]<\/p>\n","protected":false},"author":1,"featured_media":0,"parent":0,"menu_order":0,"comment_status":"closed","ping_status":"closed","template":"","meta":{"footnotes":""},"class_list":["post-3352","page","type-page","status-publish","hentry"],"_links":{"self":[{"href":"https:\/\/claravisao.com.br\/new\/index.php\/wp-json\/wp\/v2\/pages\/3352","targetHints":{"allow":["GET"]}}],"collection":[{"href":"https:\/\/claravisao.com.br\/new\/index.php\/wp-json\/wp\/v2\/pages"}],"about":[{"href":"https:\/\/claravisao.com.br\/new\/index.php\/wp-json\/wp\/v2\/types\/page"}],"author":[{"embeddable":true,"href":"https:\/\/claravisao.com.br\/new\/index.php\/wp-json\/wp\/v2\/users\/1"}],"replies":[{"embeddable":true,"href":"https:\/\/claravisao.com.br\/new\/index.php\/wp-json\/wp\/v2\/comments?post=3352"}],"version-history":[{"count":36,"href":"https:\/\/claravisao.com.br\/new\/index.php\/wp-json\/wp\/v2\/pages\/3352\/revisions"}],"predecessor-version":[{"id":3567,"href":"https:\/\/claravisao.com.br\/new\/index.php\/wp-json\/wp\/v2\/pages\/3352\/revisions\/3567"}],"wp:attachment":[{"href":"https:\/\/claravisao.com.br\/new\/index.php\/wp-json\/wp\/v2\/media?parent=3352"}],"curies":[{"name":"wp","href":"https:\/\/api.w.org\/{rel}","templated":true}]}}