{"id":3157,"date":"2019-09-30T14:29:28","date_gmt":"2019-09-30T14:29:28","guid":{"rendered":"https:\/\/codeless.co\/regn\/store?page_id=3157"},"modified":"2024-09-18T21:25:02","modified_gmt":"2024-09-18T21:25:02","slug":"fale-conosco","status":"publish","type":"page","link":"https:\/\/claravisao.com.br\/new\/index.php\/fale-conosco\/","title":{"rendered":"Fale Conosco"},"content":{"rendered":"<p>[vc_row css=&#8221;.vc_custom_1569855625469{margin-top: 0px !important;padding-top: 80px !important;padding-bottom: 80px !important;}&#8221;][vc_column][vc_row_inner][vc_column_inner width=&#8221;1\/3&#8243;][cl_service_icon_center icon=&#8221;cl-icon-map-marker-radius&#8221; title=&#8221;Localiza\u00e7\u00e3o&#8221; subtitle_bool=&#8221;yes&#8221; subtitle=&#8221;Venha nos visitar&#8221; custom_icon_color=&#8221;#034ea1&#8243;]<\/p>\n<p class=\"custom_font custom_font\">Rua Dom Pedro II 1070-B &#8211; Centro<br \/>\nCampo Largo &#8211; PR &#8211; 83.601-160[\/cl_service_icon_center][\/vc_column_inner][vc_column_inner width=&#8221;1\/3&#8243;][cl_service_icon_center icon=&#8221;cl-icon-phone-in-talk&#8221; title=&#8221;Telefones&#8221; subtitle_bool=&#8221;yes&#8221; subtitle=&#8221;Telefone &amp; WhatsApp&#8221; custom_icon_color=&#8221;#034ea1&#8243;]<\/p>\n<p class=\"custom_font custom_font\">41 3032.3155<br \/>\n41 9 9951.1021[\/cl_service_icon_center][\/vc_column_inner][vc_column_inner width=&#8221;1\/3&#8243;][cl_service_icon_center icon=&#8221;cl-icon-gmail&#8221; title=&#8221;Email&#8221; subtitle_bool=&#8221;yes&#8221; subtitle=&#8221;Mande-nos sua mensagem&#8221; custom_icon_color=&#8221;#034ea1&#8243;]<\/p>\n<p style=\"text-align: center;\">atendimento@claravisao.com.br<br \/>\nclaravisao@claravisao.com.br[\/cl_service_icon_center][\/vc_column_inner][\/vc_row_inner][\/vc_column][\/vc_row][vc_row full_width=&#8221;stretch_row&#8221; css=&#8221;.vc_custom_1569855691324{margin-top: 0px !important;margin-bottom: 0px !important;background-color: #f2f2f2 !important;}&#8221;][vc_column][vc_custom_heading text=&#8221;Envie uma mensagem!&#8221; font_container=&#8221;tag:h2|font_size:30|text_align:center|color:%23034ea1&#8243;][cl_contact_form7 id=&#8221;226&#8243;][vc_gmaps link=&#8221;#E-8_JTNDaWZyYW1lJTIwc3JjJTNEJTIyaHR0cHMlM0ElMkYlMkZ3d3cuZ29vZ2xlLmNvbSUyRm1hcHMlMkZlbWJlZCUzRnBiJTNEJTIxMW0xOCUyMTFtMTIlMjExbTMlMjExZDMzNy4zNDQ0NTI3MjgyMzc5JTIxMmQtNDkuNTI5Mzk0OTI0NzI4NTMlMjEzZC0yNS40NTgxMTQ2NTMwMzM5MjQlMjEybTMlMjExZjAlMjEyZjAlMjEzZjAlMjEzbTIlMjExaTEwMjQlMjEyaTc2OCUyMTRmMTMuMSUyMTNtMyUyMTFtMiUyMTFzMHg5NGRkMTlkNDFmNTc0ZTViJTI1M0EweDExYzQzZTVhMzg5ZWU5ZTIlMjEyc0NsYXJhJTI1MjBWaXMlMjVDMyUyNUEzbyUyMTVlMCUyMTNtMiUyMTFzcHQtQlIlMjEyc2JyJTIxNHYxNjM2NDkyNTE0NTk0JTIxNW0yJTIxMXNwdC1CUiUyMTJzYnIlMjIlMjB3aWR0aCUzRCUyMjYwMCUyMiUyMGhlaWdodCUzRCUyMjQ1MCUyMiUyMHN0eWxlJTNEJTIyYm9yZGVyJTNBMCUzQiUyMiUyMGFsbG93ZnVsbHNjcmVlbiUzRCUyMiUyMiUyMGxvYWRpbmclM0QlMjJsYXp5JTIyJTNFJTNDJTJGaWZyYW1lJTNF&#8221;][\/vc_column][\/vc_row][vc_row][vc_column width=&#8221;1\/4&#8243;][vc_custom_heading text=&#8221;Produtos&#8221; font_container=&#8221;tag:h5|text_align:left|color:%23000000&#8243; css=&#8221;.vc_custom_1636493361932{margin-bottom: 25px !important;}&#8221;][cl_list][cl_list_item]<a href=\"https:\/\/claravisao.com.br\/new\/index.php\/portfolio\/armacoes-receituario\/\">Arma\u00e7\u00f5es Receitu\u00e1rio<\/a>[\/cl_list_item][cl_list_item]<a href=\"https:\/\/claravisao.com.br\/new\/index.php\/portfolio\/oculos-de-sol\/\">\u00d3culos de Sol<\/a>[\/cl_list_item][cl_list_item]<a href=\"https:\/\/claravisao.com.br\/new\/index.php\/portfolio\/oculos-de-seguranca\/\">\u00d3culos de Seguran\u00e7a<\/a>[\/cl_list_item][cl_list_item]<a href=\"https:\/\/claravisao.com.br\/new\/index.php\/portfolio\/lentes-oftalmicas\/\">Lentes Oft\u00e1lmicas<\/a>[\/cl_list_item][cl_list_item]<a href=\"https:\/\/claravisao.com.br\/new\/index.php\/portfolio\/lentes-de-contato\/\">Lentes de Contato<\/a>[\/cl_list_item][cl_list_item]<a href=\"https:\/\/claravisao.com.br\/new\/index.php\/portfolio\/acessorios\/\">Acess\u00f3rios<\/a>[\/cl_list_item][\/cl_list][\/vc_column][vc_column width=&#8221;1\/4&#8243;][vc_custom_heading text=&#8221;Servi\u00e7os&#8221; font_container=&#8221;tag:h5|text_align:left|color:%23000000&#8243; css=&#8221;.vc_custom_1636493372802{margin-bottom: 25px !important;}&#8221;][cl_list][cl_list_item]<a href=\"https:\/\/claravisao.com.br\/new\/index.php\/portfolio\/manutencao-periodica\/\">Manuten\u00e7\u00e3o Peri\u00f3dica<\/a>[\/cl_list_item][cl_list_item]<a href=\"https:\/\/claravisao.com.br\/new\/index.php\/portfolio\/agendamento-oftalmologico\/\">Agendamento Oftalmol\u00f3gico<\/a>[\/cl_list_item][cl_list_item]<a href=\"https:\/\/claravisao.com.br\/new\/index.php\/portfolio\/convenios\/\">Conv\u00eanios<\/a>[\/cl_list_item][cl_list_item]<a href=\"https:\/\/claravisao.com.br\/new\/index.php\/portfolio\/atendimento-a-empresas\/\">Atendimento a Empresas<\/a>[\/cl_list_item][cl_list_item]Atendimento em Domic\u00edlio[\/cl_list_item][cl_list_item]<a href=\"https:\/\/claravisao.com.br\/new\/index.php\/laboratorio\/\">Laborat\u00f3rio<\/a>[\/cl_list_item][\/cl_list][\/vc_column][vc_column width=&#8221;1\/2&#8243;][vc_custom_heading text=&#8221;Sobre nossa loja&#8221; font_container=&#8221;tag:h5|text_align:left|color:%23000000&#8243; css=&#8221;.vc_custom_1623695434542{margin-bottom: 30px !important;}&#8221;][vc_column_text]<img loading=\"lazy\" decoding=\"async\" class=\"alignleft wp-image-3256 size-full\" src=\"https:\/\/claravisao.com.br\/new\/wp-content\/uploads\/2024\/09\/interna-cv_ini.jpg\" alt=\"\" width=\"170\" height=\"192\" \/>Somos a maior e mais completa \u00f3tica da cidade. Contamos com espa\u00e7o amplo, localiza\u00e7\u00e3o central, medi\u00e7\u00e3o digital e laborat\u00f3rio pr\u00f3prio.<\/p>\n<p>Venha conhecer![\/vc_column_text][\/vc_column][\/vc_row]<\/p>\n","protected":false},"excerpt":{"rendered":"<p>[vc_row css=&#8221;.vc_custom_1569855625469{margin-top: 0px !important;padding-top: 80px !important;padding-bottom: 80px !important;}&#8221;][vc_column][vc_row_inner][vc_column_inner width=&#8221;1\/3&#8243;][cl_service_icon_center icon=&#8221;cl-icon-map-marker-radius&#8221; title=&#8221;Localiza\u00e7\u00e3o&#8221; subtitle_bool=&#8221;yes&#8221; subtitle=&#8221;Venha nos visitar&#8221; custom_icon_color=&#8221;#034ea1&#8243;] Rua Dom Pedro II 1070-B &#8211; Centro Campo Largo &#8211; PR &#8211; 83.601-160[\/cl_service_icon_center][\/vc_column_inner][vc_column_inner width=&#8221;1\/3&#8243;][cl_service_icon_center icon=&#8221;cl-icon-phone-in-talk&#8221; title=&#8221;Telefones&#8221; subtitle_bool=&#8221;yes&#8221; subtitle=&#8221;Telefone &amp; WhatsApp&#8221; custom_icon_color=&#8221;#034ea1&#8243;] 41 3032.3155 41 [&hellip;]<\/p>\n","protected":false},"author":1,"featured_media":0,"parent":0,"menu_order":0,"comment_status":"closed","ping_status":"closed","template":"","meta":{"footnotes":""},"class_list":["post-3157","page","type-page","status-publish","hentry"],"_links":{"self":[{"href":"https:\/\/claravisao.com.br\/new\/index.php\/wp-json\/wp\/v2\/pages\/3157","targetHints":{"allow":["GET"]}}],"collection":[{"href":"https:\/\/claravisao.com.br\/new\/index.php\/wp-json\/wp\/v2\/pages"}],"about":[{"href":"https:\/\/claravisao.com.br\/new\/index.php\/wp-json\/wp\/v2\/types\/page"}],"author":[{"embeddable":true,"href":"https:\/\/claravisao.com.br\/new\/index.php\/wp-json\/wp\/v2\/users\/1"}],"replies":[{"embeddable":true,"href":"https:\/\/claravisao.com.br\/new\/index.php\/wp-json\/wp\/v2\/comments?post=3157"}],"version-history":[{"count":22,"href":"https:\/\/claravisao.com.br\/new\/index.php\/wp-json\/wp\/v2\/pages\/3157\/revisions"}],"predecessor-version":[{"id":3578,"href":"https:\/\/claravisao.com.br\/new\/index.php\/wp-json\/wp\/v2\/pages\/3157\/revisions\/3578"}],"wp:attachment":[{"href":"https:\/\/claravisao.com.br\/new\/index.php\/wp-json\/wp\/v2\/media?parent=3157"}],"curies":[{"name":"wp","href":"https:\/\/api.w.org\/{rel}","templated":true}]}}